{"id":1039,"date":"2024-01-17T11:39:59","date_gmt":"2024-01-17T11:39:59","guid":{"rendered":"https:\/\/leader-wohlviertel.at\/_wp\/?page_id=1039"},"modified":"2024-01-22T12:38:38","modified_gmt":"2024-01-22T12:38:38","slug":"kurzinformation-zu-projekteinreichungen","status":"publish","type":"page","link":"https:\/\/leader-wohlviertel.at\/_wp\/kurzinformation-zu-projekteinreichungen\/","title":{"rendered":"Kurzinformation zu Projekteinreichungen"},"content":{"rendered":"\t\t<div data-elementor-type=\"wp-page\" data-elementor-id=\"1039\" class=\"elementor elementor-1039\" data-elementor-post-type=\"page\">\n\t\t\t\t<div class=\"elementor-element elementor-element-0a3e69e e-flex e-con-boxed e-con e-parent\" data-id=\"0a3e69e\" data-element_type=\"container\">\n\t\t\t\t\t<div class=\"e-con-inner\">\n\t\t\t\t<div class=\"elementor-element elementor-element-00af105 elementor-widget elementor-widget-heading\" data-id=\"00af105\" data-element_type=\"widget\" data-widget_type=\"heading.default\">\n\t\t\t\t<div class=\"elementor-widget-container\">\n\t\t\t<style>\/*! elementor - v3.21.0 - 30-04-2024 *\/\n.elementor-heading-title{padding:0;margin:0;line-height:1}.elementor-widget-heading .elementor-heading-title[class*=elementor-size-]>a{color:inherit;font-size:inherit;line-height:inherit}.elementor-widget-heading .elementor-heading-title.elementor-size-small{font-size:15px}.elementor-widget-heading .elementor-heading-title.elementor-size-medium{font-size:19px}.elementor-widget-heading .elementor-heading-title.elementor-size-large{font-size:29px}.elementor-widget-heading .elementor-heading-title.elementor-size-xl{font-size:39px}.elementor-widget-heading .elementor-heading-title.elementor-size-xxl{font-size:59px}<\/style><h2 class=\"elementor-heading-title elementor-size-default\">Kurzinformation zu Projekteinreichungen<\/h2>\t\t<\/div>\n\t\t\t\t<\/div>\n\t\t\t\t\t<\/div>\n\t\t\t\t<\/div>\n\t\t<div class=\"elementor-element elementor-element-8b181e9 e-flex e-con-boxed e-con e-parent\" data-id=\"8b181e9\" data-element_type=\"container\">\n\t\t\t\t\t<div class=\"e-con-inner\">\n\t\t<div class=\"elementor-element elementor-element-fe80c9d e-con-full e-flex e-con e-child\" data-id=\"fe80c9d\" data-element_type=\"container\">\n\t\t\t\t<div class=\"elementor-element elementor-element-07ac04d elementor-widget elementor-widget-image\" data-id=\"07ac04d\" data-element_type=\"widget\" data-widget_type=\"image.default\">\n\t\t\t\t<div class=\"elementor-widget-container\">\n\t\t\t<style>\/*! elementor - v3.21.0 - 30-04-2024 *\/\n.elementor-widget-image{text-align:center}.elementor-widget-image a{display:inline-block}.elementor-widget-image a img[src$=\".svg\"]{width:48px}.elementor-widget-image img{vertical-align:middle;display:inline-block}<\/style>\t\t\t\t\t\t\t\t\t\t<img fetchpriority=\"high\" decoding=\"async\" width=\"683\" height=\"1024\" src=\"https:\/\/leader-wohlviertel.at\/_wp\/wp-content\/uploads\/2023\/11\/wertschoepfung-683x1024.jpg\" class=\"attachment-large size-large wp-image-726\" alt=\"\" srcset=\"https:\/\/leader-wohlviertel.at\/_wp\/wp-content\/uploads\/2023\/11\/wertschoepfung-683x1024.jpg 683w, https:\/\/leader-wohlviertel.at\/_wp\/wp-content\/uploads\/2023\/11\/wertschoepfung-200x300.jpg 200w, https:\/\/leader-wohlviertel.at\/_wp\/wp-content\/uploads\/2023\/11\/wertschoepfung-768x1152.jpg 768w, https:\/\/leader-wohlviertel.at\/_wp\/wp-content\/uploads\/2023\/11\/wertschoepfung.jpg 800w\" sizes=\"(max-width: 683px) 100vw, 683px\" \/>\t\t\t\t\t\t\t\t\t\t\t\t\t<\/div>\n\t\t\t\t<\/div>\n\t\t\t\t<\/div>\n\t\t<div class=\"elementor-element elementor-element-545fd64 e-con-full e-flex e-con e-child\" data-id=\"545fd64\" data-element_type=\"container\">\n\t\t\t\t<div class=\"elementor-element elementor-element-f9faf30 elementor-widget elementor-widget-text-editor\" data-id=\"f9faf30\" data-element_type=\"widget\" data-widget_type=\"text-editor.default\">\n\t\t\t\t<div class=\"elementor-widget-container\">\n\t\t\t<style>\/*! elementor - v3.21.0 - 30-04-2024 *\/\n.elementor-widget-text-editor.elementor-drop-cap-view-stacked .elementor-drop-cap{background-color:#69727d;color:#fff}.elementor-widget-text-editor.elementor-drop-cap-view-framed .elementor-drop-cap{color:#69727d;border:3px solid;background-color:transparent}.elementor-widget-text-editor:not(.elementor-drop-cap-view-default) .elementor-drop-cap{margin-top:8px}.elementor-widget-text-editor:not(.elementor-drop-cap-view-default) .elementor-drop-cap-letter{width:1em;height:1em}.elementor-widget-text-editor .elementor-drop-cap{float:left;text-align:center;line-height:1;font-size:50px}.elementor-widget-text-editor .elementor-drop-cap-letter{display:inline-block}<\/style>\t\t\t\t<p><b>LEADER \u2013 F\u00f6rderungen sind auch eine Unterst\u00fctzung f\u00fcr innovative Regionalentwicklungsprojekte und k\u00f6nnen dann unterst\u00fctzt werden, wenn diese von den Einwohnerinnen\/Einwohnern der Region auch selber durchgef\u00fchrt und umgesetzt werden.<\/b><\/p><p><span style=\"color: var( --e-global-color-text ); font-family: var( --e-global-typography-text-font-family ), Sans-serif; font-weight: var( --e-global-typography-text-font-weight ); text-align: var(--text-align); background-color: var( --e-global-color-d051005 );\">Bitte Projektskizze downloaden, ausf\u00fcllen und an des LEADER \u2013 Management des Waldviertler Wohlviertels \u00fcbermitteln.<\/span><\/p><ul><li><span style=\"color: var( --e-global-color-text ); font-family: var( --e-global-typography-text-font-family ), Sans-serif; font-weight: var( --e-global-typography-text-font-weight ); text-align: var(--text-align); background-color: var( --e-global-color-d051005 );\">Projekte werden hinsichtlich des erforderlichen Beitrags zur Lokalen Entwicklungsstrategie an Hand folgender Kriterien vom Projektauswahlgremium bewertet (<strong><a href=\"https:\/\/leader-wohlviertel.at\/_wp\/wp-content\/uploads\/2024\/01\/WWohlviertel_Projektskizze_2024.docx\" target=\"_blank\" rel=\"noopener\">Projektskizze downloaden<\/a><\/strong>)<\/span><\/li><\/ul><ul><li>Unverbindliche Besprechung mit dem LEADER \u2013 Management vereinbaren.<\/li><\/ul><ul><li>Projekt weiter entwickeln (bitte beachten das kann einige Zeit in Anspruch nehmen) \u2013 das LEADER \u2013 Management unterst\u00fctzt Sie gerne bei der Erarbeitung der Projektstruktur, formale Projektvoraussetzungen vorbereiten (z.B. Vereinsregisterauszug \u2026)<\/li><\/ul><ul><li>Projekt einreichen, wenn ein f\u00fcr das Projektthema passender Aufruf zur Einreichung von Projekten besteht.<br \/>Bitte beachten Sie: Es k\u00f6nnen nur Projekte unterst\u00fctzt werden, die einen umfassenden Beitrag zur Umsetzung der Lokalen Entwicklungsstrategie leisten (Einmalma\u00dfnahmen, Veranstaltungen usw. stellen beispielsweise keine Projekte dar.) Falls f\u00fcr Projekte andere F\u00f6rderschienen bestehen (z.B. Landwirtschaft, Kultur) sind LEADER \u2013 F\u00f6rderungen m\u00fcssen diese in Anspruch genommen werden. Siehe Projektauswahlkriterien -&gt;\u00a0<span style=\"font-weight: bold;\"><a href=\"https:\/\/leader-wohlviertel.at\/_wp\/wp-content\/uploads\/2024\/01\/WWohlviertel_LEADER_Projektbewertung.pdf\" target=\"_blank\" rel=\"noopener\">Projektauswahlkriterien downloaden<\/a><\/span><\/li><\/ul><p><b>\u00a0<\/b><\/p><p><b>Einreichung: <\/b>Die Einreichung kann in der offenen Frist eines Projektaufrufes nur \u00fcber die <b>Digitale F\u00f6rderplattform (DFP) <\/b>der AMA erfolgen. (Weitere Informationen zur DFP:\u00a0 <a href=\"https:\/\/www.ama.at\/dfp\/allgemeine-informationen\/allgemeine-informationsblaetter-und-dfp-handbuch\">https:\/\/www.ama.at\/dfp\/allgemeine-informationen\/allgemeine-informationsblaetter-und-dfp-handbuch<\/a> )<\/p><p>\u00a0<\/p><h3>Daf\u00fcr ben\u00f6tigen Sie auch folgendes:<\/h3><p><b>ID \u2013 Austria <\/b>(\u201eDigitaler Personalausweis\u201c siehe <a href=\"https:\/\/www.oesterreich.gv.at\/id-austria.html\">https:\/\/www.oesterreich.gv.at\/id-austria.html<\/a> ) zum Einstieg in die F\u00f6rderplattform, Projekttr\u00e4ger = Einreicher muss bereits angelegt sein. (Beispielsweise m\u00fcssen sich Verein zun\u00e4chst beim USP \u2013 Unternehmensserviceportal eintragen lassen um dann zur DFP gelangen). ID \u2013 Austria kann bei den Bezirkshauptmannschaften und bei manchen Gemeinden beantragt werden. Technische Voraussetzung ist ein Mobiltelefon mit Fingerprint.<\/p><ul><li>Wenn Ihr Projekt vom Projektauswahlgremium der Region ausgew\u00e4hlt wurde, wird es an die zust\u00e4ndige F\u00f6rderstelle des Landes N\u00d6 weitergeleitet. Dort erfolgt die formale Projektpr\u00fcfung \u2013 m\u00f6glicherweise gibt es seitens der F\u00f6rderstelle auch noch R\u00fcckfragen. Danach erhalten Sie einen schriftlichen F\u00f6rdervertrag.<\/li><li>Bitte beachten Sie alle Details zur Einreichung, formale Voraussetzungen in der Lokalen Entwicklungsstrategie<\/li><\/ul>\t\t\t\t\t\t<\/div>\n\t\t\t\t<\/div>\n\t\t\t\t<\/div>\n\t\t\t\t\t<\/div>\n\t\t\t\t<\/div>\n\t\t<div class=\"elementor-element elementor-element-9d845e0 e-flex e-con-boxed e-con e-parent\" data-id=\"9d845e0\" data-element_type=\"container\" data-settings=\"{&quot;background_background&quot;:&quot;classic&quot;}\">\n\t\t\t\t\t<div class=\"e-con-inner\">\n\t\t\t\t<div class=\"elementor-element elementor-element-7479831 elementor-widget elementor-widget-menu-anchor\" data-id=\"7479831\" data-element_type=\"widget\" data-widget_type=\"menu-anchor.default\">\n\t\t\t\t<div class=\"elementor-widget-container\">\n\t\t\t<style>\/*! elementor - v3.21.0 - 30-04-2024 *\/\nbody.elementor-page .elementor-widget-menu-anchor{margin-bottom:0}<\/style>\t\t<div class=\"elementor-menu-anchor\" id=\"download\"><\/div>\n\t\t\t\t<\/div>\n\t\t\t\t<\/div>\n\t\t\t\t<div class=\"elementor-element elementor-element-3b3b3c5 elementor-widget elementor-widget-heading\" data-id=\"3b3b3c5\" data-element_type=\"widget\" data-widget_type=\"heading.default\">\n\t\t\t\t<div class=\"elementor-widget-container\">\n\t\t\t<h2 class=\"elementor-heading-title elementor-size-default\">Downloads<\/h2>\t\t<\/div>\n\t\t\t\t<\/div>\n\t\t\t\t\t<\/div>\n\t\t\t\t<\/div>\n\t\t<div class=\"elementor-element elementor-element-fd6524b e-flex e-con-boxed e-con e-parent\" data-id=\"fd6524b\" data-element_type=\"container\" data-settings=\"{&quot;background_background&quot;:&quot;classic&quot;}\">\n\t\t\t\t\t<div class=\"e-con-inner\">\n\t\t<div class=\"elementor-element elementor-element-75d694f e-flex e-con-boxed e-con e-child\" data-id=\"75d694f\" data-element_type=\"container\">\n\t\t\t\t\t<div class=\"e-con-inner\">\n\t\t<div class=\"elementor-element elementor-element-f52ebef e-flex e-con-boxed e-con e-child\" data-id=\"f52ebef\" data-element_type=\"container\">\n\t\t\t\t\t<div class=\"e-con-inner\">\n\t\t\t\t<div class=\"elementor-element elementor-element-05e78d0 elementor-widget elementor-widget-image\" data-id=\"05e78d0\" data-element_type=\"widget\" data-widget_type=\"image.default\">\n\t\t\t\t<div class=\"elementor-widget-container\">\n\t\t\t\t\t\t\t\t\t\t\t\t\t\t<a href=\"https:\/\/leader-wohlviertel.at\/_wp\/wp-content\/uploads\/2024\/01\/WWohlviertel_LEADER_Projektbewertung.pdf\" target=\"_blank\">\n\t\t\t\t\t\t\t<img decoding=\"async\" src=\"https:\/\/leader-wohlviertel.at\/_wp\/wp-content\/uploads\/elementor\/thumbs\/icons_downlaods_fahrschule_pfeifer_pdf-qih9vtle2hkndp15zz3peu8qf9qg54nmu9n01hkt0o.png\" title=\"icons_downlaods_fahrschule_pfeifer_pdf\" alt=\"icons_downlaods_fahrschule_pfeifer_pdf\" loading=\"lazy\" \/>\t\t\t\t\t\t\t\t<\/a>\n\t\t\t\t\t\t\t\t\t\t\t\t\t<\/div>\n\t\t\t\t<\/div>\n\t\t\t\t<div class=\"elementor-element elementor-element-ae3e32b elementor-align-center elementor-widget elementor-widget-button\" data-id=\"ae3e32b\" data-element_type=\"widget\" data-widget_type=\"button.default\">\n\t\t\t\t<div class=\"elementor-widget-container\">\n\t\t\t\t\t<div class=\"elementor-button-wrapper\">\n\t\t\t<a class=\"elementor-button elementor-button-link elementor-size-sm\" href=\"https:\/\/leader-wohlviertel.at\/_wp\/wp-content\/uploads\/2024\/01\/WWohlviertel_LEADER_Projektbewertung.pdf\" target=\"_blank\">\n\t\t\t\t\t\t<span class=\"elementor-button-content-wrapper\">\n\t\t\t\t\t\t\t\t\t<span class=\"elementor-button-text\">Projektauswahlkriterien als PDF downloaden<\/span>\n\t\t\t\t\t<\/span>\n\t\t\t\t\t<\/a>\n\t\t<\/div>\n\t\t\t\t<\/div>\n\t\t\t\t<\/div>\n\t\t\t\t\t<\/div>\n\t\t\t\t<\/div>\n\t\t<div class=\"elementor-element elementor-element-9a39ae6 e-flex e-con-boxed e-con e-child\" data-id=\"9a39ae6\" data-element_type=\"container\">\n\t\t\t\t\t<div class=\"e-con-inner\">\n\t\t\t\t<div class=\"elementor-element elementor-element-5ec9f0d elementor-widget elementor-widget-image\" data-id=\"5ec9f0d\" data-element_type=\"widget\" data-widget_type=\"image.default\">\n\t\t\t\t<div class=\"elementor-widget-container\">\n\t\t\t\t\t\t\t\t\t\t\t\t\t\t<a href=\"https:\/\/leader-wohlviertel.at\/_wp\/wp-content\/uploads\/2024\/01\/WWohlviertel_Projektskizze_2024.docx\" target=\"_blank\">\n\t\t\t\t\t\t\t<img decoding=\"async\" src=\"https:\/\/leader-wohlviertel.at\/_wp\/wp-content\/uploads\/elementor\/thumbs\/icons_downlaods_fahrschule_pfeifer_doc-qih9vrppoti2qh3wayag9upt8hzppqg660c12xnld4.png\" title=\"icons_downlaods_fahrschule_pfeifer_doc\" alt=\"icons_downlaods_fahrschule_pfeifer_doc\" loading=\"lazy\" \/>\t\t\t\t\t\t\t\t<\/a>\n\t\t\t\t\t\t\t\t\t\t\t\t\t<\/div>\n\t\t\t\t<\/div>\n\t\t\t\t<div class=\"elementor-element elementor-element-8595068 elementor-align-center elementor-widget elementor-widget-button\" data-id=\"8595068\" data-element_type=\"widget\" data-widget_type=\"button.default\">\n\t\t\t\t<div class=\"elementor-widget-container\">\n\t\t\t\t\t<div class=\"elementor-button-wrapper\">\n\t\t\t<a class=\"elementor-button elementor-button-link elementor-size-sm\" href=\"https:\/\/leader-wohlviertel.at\/_wp\/wp-content\/uploads\/2024\/01\/WWohlviertel_Projektskizze_2024.docx\" target=\"_blank\">\n\t\t\t\t\t\t<span class=\"elementor-button-content-wrapper\">\n\t\t\t\t\t\t\t\t\t<span class=\"elementor-button-text\">Projektskizze als Word Datei downloaden<\/span>\n\t\t\t\t\t<\/span>\n\t\t\t\t\t<\/a>\n\t\t<\/div>\n\t\t\t\t<\/div>\n\t\t\t\t<\/div>\n\t\t\t\t\t<\/div>\n\t\t\t\t<\/div>\n\t\t<div class=\"elementor-element elementor-element-6a6b416 e-flex e-con-boxed e-con e-child\" data-id=\"6a6b416\" data-element_type=\"container\">\n\t\t\t\t\t<div class=\"e-con-inner\">\n\t\t\t\t<div class=\"elementor-element elementor-element-2f3cf98 elementor-widget elementor-widget-image\" data-id=\"2f3cf98\" data-element_type=\"widget\" data-widget_type=\"image.default\">\n\t\t\t\t<div class=\"elementor-widget-container\">\n\t\t\t\t\t\t\t\t\t\t\t\t\t\t<a href=\"https:\/\/leader-wohlviertel.at\/_wp\/wp-content\/uploads\/2024\/01\/WWohlviertel_Projektskizze_2024.pdf\" target=\"_blank\">\n\t\t\t\t\t\t\t<img decoding=\"async\" src=\"https:\/\/leader-wohlviertel.at\/_wp\/wp-content\/uploads\/elementor\/thumbs\/icons_downlaods_fahrschule_pfeifer_pdf-qih9vtle2hkndp15zz3peu8qf9qg54nmu9n01hkt0o.png\" title=\"icons_downlaods_fahrschule_pfeifer_pdf\" alt=\"icons_downlaods_fahrschule_pfeifer_pdf\" loading=\"lazy\" \/>\t\t\t\t\t\t\t\t<\/a>\n\t\t\t\t\t\t\t\t\t\t\t\t\t<\/div>\n\t\t\t\t<\/div>\n\t\t\t\t<div class=\"elementor-element elementor-element-1ee546b elementor-align-center elementor-widget elementor-widget-button\" data-id=\"1ee546b\" data-element_type=\"widget\" data-widget_type=\"button.default\">\n\t\t\t\t<div class=\"elementor-widget-container\">\n\t\t\t\t\t<div class=\"elementor-button-wrapper\">\n\t\t\t<a class=\"elementor-button elementor-button-link elementor-size-sm\" href=\"https:\/\/leader-wohlviertel.at\/_wp\/wp-content\/uploads\/2024\/01\/WWohlviertel_Projektskizze_2024.pdf\" target=\"_blank\">\n\t\t\t\t\t\t<span class=\"elementor-button-content-wrapper\">\n\t\t\t\t\t\t\t\t\t<span class=\"elementor-button-text\">Projektskizze alsPDF downloaden<\/span>\n\t\t\t\t\t<\/span>\n\t\t\t\t\t<\/a>\n\t\t<\/div>\n\t\t\t\t<\/div>\n\t\t\t\t<\/div>\n\t\t\t\t\t<\/div>\n\t\t\t\t<\/div>\n\t\t\t\t\t<\/div>\n\t\t\t\t<\/div>\n\t\t\t\t\t<\/div>\n\t\t\t\t<\/div>\n\t\t\t\t<\/div>\n\t\t","protected":false},"excerpt":{"rendered":"<p>Kurzinformation zu Projekteinreichungen LEADER \u2013 F\u00f6rderungen sind auch eine Unterst\u00fctzung f\u00fcr innovative Regionalentwicklungsprojekte und k\u00f6nnen dann unterst\u00fctzt werden, wenn diese von den Einwohnerinnen\/Einwohnern der Region auch selber durchgef\u00fchrt und umgesetzt werden. Bitte Projektskizze downloaden, ausf\u00fcllen und an des LEADER \u2013 Management des Waldviertler Wohlviertels \u00fcbermitteln. Projekte werden hinsichtlich des erforderlichen Beitrags zur Lokalen Entwicklungsstrategie an [&hellip;]<\/p>\n","protected":false},"author":1,"featured_media":0,"parent":0,"menu_order":0,"comment_status":"closed","ping_status":"closed","template":"","meta":{"footnotes":""},"class_list":["post-1039","page","type-page","status-publish","hentry","wpbf-post"],"_links":{"self":[{"href":"https:\/\/leader-wohlviertel.at\/_wp\/wp-json\/wp\/v2\/pages\/1039","targetHints":{"allow":["GET"]}}],"collection":[{"href":"https:\/\/leader-wohlviertel.at\/_wp\/wp-json\/wp\/v2\/pages"}],"about":[{"href":"https:\/\/leader-wohlviertel.at\/_wp\/wp-json\/wp\/v2\/types\/page"}],"author":[{"embeddable":true,"href":"https:\/\/leader-wohlviertel.at\/_wp\/wp-json\/wp\/v2\/users\/1"}],"replies":[{"embeddable":true,"href":"https:\/\/leader-wohlviertel.at\/_wp\/wp-json\/wp\/v2\/comments?post=1039"}],"version-history":[{"count":29,"href":"https:\/\/leader-wohlviertel.at\/_wp\/wp-json\/wp\/v2\/pages\/1039\/revisions"}],"predecessor-version":[{"id":2093,"href":"https:\/\/leader-wohlviertel.at\/_wp\/wp-json\/wp\/v2\/pages\/1039\/revisions\/2093"}],"wp:attachment":[{"href":"https:\/\/leader-wohlviertel.at\/_wp\/wp-json\/wp\/v2\/media?parent=1039"}],"curies":[{"name":"wp","href":"https:\/\/api.w.org\/{rel}","templated":true}]}}