{"id":1147,"date":"2024-01-18T12:22:03","date_gmt":"2024-01-18T12:22:03","guid":{"rendered":"https:\/\/leader-wohlviertel.at\/_wp\/?page_id=1147"},"modified":"2024-05-06T04:41:13","modified_gmt":"2024-05-06T04:41:13","slug":"uber-uns","status":"publish","type":"page","link":"https:\/\/leader-wohlviertel.at\/_wp\/uber-uns\/","title":{"rendered":"\u00dcber uns"},"content":{"rendered":"\t\t<div data-elementor-type=\"wp-page\" data-elementor-id=\"1147\" class=\"elementor elementor-1147\" data-elementor-post-type=\"page\">\n\t\t\t\t<div class=\"elementor-element elementor-element-762474d e-flex e-con-boxed e-con e-parent\" data-id=\"762474d\" data-element_type=\"container\">\n\t\t\t\t\t<div class=\"e-con-inner\">\n\t\t\t\t<div class=\"elementor-element elementor-element-24b8646 elementor-widget elementor-widget-heading\" data-id=\"24b8646\" data-element_type=\"widget\" data-widget_type=\"heading.default\">\n\t\t\t\t<div class=\"elementor-widget-container\">\n\t\t\t<style>\/*! elementor - v3.21.0 - 30-04-2024 *\/\n.elementor-heading-title{padding:0;margin:0;line-height:1}.elementor-widget-heading .elementor-heading-title[class*=elementor-size-]>a{color:inherit;font-size:inherit;line-height:inherit}.elementor-widget-heading .elementor-heading-title.elementor-size-small{font-size:15px}.elementor-widget-heading .elementor-heading-title.elementor-size-medium{font-size:19px}.elementor-widget-heading .elementor-heading-title.elementor-size-large{font-size:29px}.elementor-widget-heading .elementor-heading-title.elementor-size-xl{font-size:39px}.elementor-widget-heading .elementor-heading-title.elementor-size-xxl{font-size:59px}<\/style><h1 class=\"elementor-heading-title elementor-size-default\">\u00dcber uns:<\/h1>\t\t<\/div>\n\t\t\t\t<\/div>\n\t\t\t\t\t<\/div>\n\t\t\t\t<\/div>\n\t\t<div class=\"elementor-element elementor-element-7eb52d3 e-flex e-con-boxed e-con e-parent\" data-id=\"7eb52d3\" data-element_type=\"container\">\n\t\t\t\t\t<div class=\"e-con-inner\">\n\t\t<div class=\"elementor-element elementor-element-5a54b25 e-con-full e-flex e-con e-child\" data-id=\"5a54b25\" data-element_type=\"container\">\n\t\t\t\t<div class=\"elementor-element elementor-element-ebe565f elementor-widget elementor-widget-text-editor\" data-id=\"ebe565f\" data-element_type=\"widget\" data-widget_type=\"text-editor.default\">\n\t\t\t\t<div class=\"elementor-widget-container\">\n\t\t\t<style>\/*! elementor - v3.21.0 - 30-04-2024 *\/\n.elementor-widget-text-editor.elementor-drop-cap-view-stacked .elementor-drop-cap{background-color:#69727d;color:#fff}.elementor-widget-text-editor.elementor-drop-cap-view-framed .elementor-drop-cap{color:#69727d;border:3px solid;background-color:transparent}.elementor-widget-text-editor:not(.elementor-drop-cap-view-default) .elementor-drop-cap{margin-top:8px}.elementor-widget-text-editor:not(.elementor-drop-cap-view-default) .elementor-drop-cap-letter{width:1em;height:1em}.elementor-widget-text-editor .elementor-drop-cap{float:left;text-align:center;line-height:1;font-size:50px}.elementor-widget-text-editor .elementor-drop-cap-letter{display:inline-block}<\/style>\t\t\t\t<p><strong>Bereits in den 1990er wurde von engagierten B\u00fcrgermeistern Kontakte zu den Nachbargemeinden entwickelt und gemeinsame Projekte durchgef\u00fchrt.<\/strong><\/p><p>Nach der Gr\u00fcndung des (bis 2008) bestehend GIZ (Grenz\u00fcberschreitenden Impulszentrum) erfolgte 2002 die Gr\u00fcndung der gemeinsamen Region und die erfolgreiche Bewerbung f\u00fcr das Programm LEADER + (2002 bis 2006). Initiative Gr\u00fcndungsmitglieder waren die Gemeinden: St. Bernhard \u2013 Frauenhofen, Brunn an der Wild, Irnfritz-Messern, Japons, Geras, Weitersfeld, Pernegg, Langau und Drosendorf-Zissersdorf.<\/p><p><b>2007\/2008<\/b> erweiterte sich die Region um 10 Gemeinden und es erfolgte die n\u00e4chste erfolgreiche Bewerbung f\u00fcr LEADER 2007 bis 2014<\/p><p><b>2009<\/b> war die Region ein wesentlicher Motor bei der mit \u00fcber 400.000 Besuchern sehr erfolgreichen N\u00d6 \u2013 Landesausstellung: Horn \u2013 Raabs \u2013 Telc.<\/p><p><b>2014<\/b> erfolgte der Beitritt der Stadtgemeinde Hardegg und der Abschluss eines Zusammenarbeitsvertrages mit dem Nationalpark Thayatal.<\/p><p><b>2015 und 2023<\/b> konnte sich das Waldviertler Wohlviertel Nationalpark Thayatal wieder erfolgreich f\u00fcr die Teilnahme am Programm LEADER bewerben.<\/p>\t\t\t\t\t\t<\/div>\n\t\t\t\t<\/div>\n\t\t\t\t<\/div>\n\t\t\t\t\t<\/div>\n\t\t\t\t<\/div>\n\t\t<div class=\"elementor-element elementor-element-178e4e7 e-flex e-con-boxed e-con e-parent\" data-id=\"178e4e7\" data-element_type=\"container\">\n\t\t\t\t\t<div class=\"e-con-inner\">\n\t\t<div class=\"elementor-element elementor-element-e716142 e-con-full e-flex e-con e-child\" data-id=\"e716142\" data-element_type=\"container\">\n\t\t\t\t<div class=\"elementor-element elementor-element-aeabc74 elementor-widget elementor-widget-image\" data-id=\"aeabc74\" data-element_type=\"widget\" data-widget_type=\"image.default\">\n\t\t\t\t<div class=\"elementor-widget-container\">\n\t\t\t<style>\/*! elementor - v3.21.0 - 30-04-2024 *\/\n.elementor-widget-image{text-align:center}.elementor-widget-image a{display:inline-block}.elementor-widget-image a img[src$=\".svg\"]{width:48px}.elementor-widget-image img{vertical-align:middle;display:inline-block}<\/style>\t\t\t\t\t\t\t\t\t\t<img fetchpriority=\"high\" decoding=\"async\" width=\"768\" height=\"576\" src=\"https:\/\/leader-wohlviertel.at\/_wp\/wp-content\/uploads\/2024\/01\/Gruendungsbuergermeister-768x576.jpg\" class=\"attachment-medium_large size-medium_large wp-image-1154\" alt=\"\" srcset=\"https:\/\/leader-wohlviertel.at\/_wp\/wp-content\/uploads\/2024\/01\/Gruendungsbuergermeister-768x576.jpg 768w, https:\/\/leader-wohlviertel.at\/_wp\/wp-content\/uploads\/2024\/01\/Gruendungsbuergermeister-300x225.jpg 300w, https:\/\/leader-wohlviertel.at\/_wp\/wp-content\/uploads\/2024\/01\/Gruendungsbuergermeister-1024x768.jpg 1024w, https:\/\/leader-wohlviertel.at\/_wp\/wp-content\/uploads\/2024\/01\/Gruendungsbuergermeister-1536x1152.jpg 1536w, https:\/\/leader-wohlviertel.at\/_wp\/wp-content\/uploads\/2024\/01\/Gruendungsbuergermeister-200x150.jpg 200w, https:\/\/leader-wohlviertel.at\/_wp\/wp-content\/uploads\/2024\/01\/Gruendungsbuergermeister.jpg 1868w\" sizes=\"(max-width: 768px) 100vw, 768px\" \/>\t\t\t\t\t\t\t\t\t\t\t\t\t<\/div>\n\t\t\t\t<\/div>\n\t\t\t\t<div class=\"elementor-element elementor-element-2e8b3f8 elementor-widget elementor-widget-text-editor\" data-id=\"2e8b3f8\" data-element_type=\"widget\" data-widget_type=\"text-editor.default\">\n\t\t\t\t<div class=\"elementor-widget-container\">\n\t\t\t\t\t\t\t<p style=\"text-align: center;\">9 \u201eGr\u00fcndungsb\u00fcrgermeister\u201c des Wohlviertels: Gemeinsam an einem Strang in eine Richtung: Gemeinsam mehr erreichen.<\/p>\t\t\t\t\t\t<\/div>\n\t\t\t\t<\/div>\n\t\t\t\t<div class=\"elementor-element elementor-element-0518fc4 elementor-widget elementor-widget-image\" data-id=\"0518fc4\" data-element_type=\"widget\" data-widget_type=\"image.default\">\n\t\t\t\t<div class=\"elementor-widget-container\">\n\t\t\t\t\t\t\t\t\t\t\t\t\t<img decoding=\"async\" width=\"768\" height=\"512\" src=\"https:\/\/leader-wohlviertel.at\/_wp\/wp-content\/uploads\/2024\/01\/Generalversammlung_2022_Irnfritz-768x512.jpg\" class=\"attachment-medium_large size-medium_large wp-image-1153\" alt=\"\" srcset=\"https:\/\/leader-wohlviertel.at\/_wp\/wp-content\/uploads\/2024\/01\/Generalversammlung_2022_Irnfritz-768x512.jpg 768w, https:\/\/leader-wohlviertel.at\/_wp\/wp-content\/uploads\/2024\/01\/Generalversammlung_2022_Irnfritz-300x200.jpg 300w, https:\/\/leader-wohlviertel.at\/_wp\/wp-content\/uploads\/2024\/01\/Generalversammlung_2022_Irnfritz-1024x683.jpg 1024w, https:\/\/leader-wohlviertel.at\/_wp\/wp-content\/uploads\/2024\/01\/Generalversammlung_2022_Irnfritz-1536x1024.jpg 1536w, https:\/\/leader-wohlviertel.at\/_wp\/wp-content\/uploads\/2024\/01\/Generalversammlung_2022_Irnfritz-2048x1365.jpg 2048w, https:\/\/leader-wohlviertel.at\/_wp\/wp-content\/uploads\/2024\/01\/Generalversammlung_2022_Irnfritz-200x133.jpg 200w\" sizes=\"(max-width: 768px) 100vw, 768px\" \/>\t\t\t\t\t\t\t\t\t\t\t\t\t<\/div>\n\t\t\t\t<\/div>\n\t\t\t\t<div class=\"elementor-element elementor-element-755d0a2 elementor-widget elementor-widget-text-editor\" data-id=\"755d0a2\" data-element_type=\"widget\" data-widget_type=\"text-editor.default\">\n\t\t\t\t<div class=\"elementor-widget-container\">\n\t\t\t\t\t\t\t<p style=\"text-align: center;\">Generalversammlung 2022 Irnfritz \u2013 Mehrzweckhalle mit den Beschl\u00fcssen zur neuen LEADER \u2013 Strategie 2023 bis 2027 Foto: Peter Straka<\/p>\t\t\t\t\t\t<\/div>\n\t\t\t\t<\/div>\n\t\t\t\t<div class=\"elementor-element elementor-element-79eb62d elementor-widget elementor-widget-image\" data-id=\"79eb62d\" data-element_type=\"widget\" data-widget_type=\"image.default\">\n\t\t\t\t<div class=\"elementor-widget-container\">\n\t\t\t\t\t\t\t\t\t\t\t\t\t<img decoding=\"async\" width=\"768\" height=\"510\" src=\"https:\/\/leader-wohlviertel.at\/_wp\/wp-content\/uploads\/2024\/01\/SITZUNG_DER_LEADER_Region-768x510.jpg\" class=\"attachment-medium_large size-medium_large wp-image-1156\" alt=\"\" srcset=\"https:\/\/leader-wohlviertel.at\/_wp\/wp-content\/uploads\/2024\/01\/SITZUNG_DER_LEADER_Region-768x510.jpg 768w, https:\/\/leader-wohlviertel.at\/_wp\/wp-content\/uploads\/2024\/01\/SITZUNG_DER_LEADER_Region-300x199.jpg 300w, https:\/\/leader-wohlviertel.at\/_wp\/wp-content\/uploads\/2024\/01\/SITZUNG_DER_LEADER_Region-1024x680.jpg 1024w, https:\/\/leader-wohlviertel.at\/_wp\/wp-content\/uploads\/2024\/01\/SITZUNG_DER_LEADER_Region-1536x1020.jpg 1536w, https:\/\/leader-wohlviertel.at\/_wp\/wp-content\/uploads\/2024\/01\/SITZUNG_DER_LEADER_Region-200x133.jpg 200w, https:\/\/leader-wohlviertel.at\/_wp\/wp-content\/uploads\/2024\/01\/SITZUNG_DER_LEADER_Region.jpg 1691w\" sizes=\"(max-width: 768px) 100vw, 768px\" \/>\t\t\t\t\t\t\t\t\t\t\t\t\t<\/div>\n\t\t\t\t<\/div>\n\t\t\t\t<div class=\"elementor-element elementor-element-6e46f86 elementor-widget elementor-widget-text-editor\" data-id=\"6e46f86\" data-element_type=\"widget\" data-widget_type=\"text-editor.default\">\n\t\t\t\t<div class=\"elementor-widget-container\">\n\t\t\t\t\t\t\t<p style=\"text-align: center;\">SITZUNG DER LEADER \u2013 Region (Burgschleinitz)<\/p>\t\t\t\t\t\t<\/div>\n\t\t\t\t<\/div>\n\t\t\t\t<div class=\"elementor-element elementor-element-e66da28 elementor-widget elementor-widget-image\" data-id=\"e66da28\" data-element_type=\"widget\" data-widget_type=\"image.default\">\n\t\t\t\t<div class=\"elementor-widget-container\">\n\t\t\t\t\t\t\t\t\t\t\t\t\t<img loading=\"lazy\" decoding=\"async\" width=\"768\" height=\"373\" src=\"https:\/\/leader-wohlviertel.at\/_wp\/wp-content\/uploads\/2024\/01\/Workshop_in_Coronazeiten-768x373.jpg\" class=\"attachment-medium_large size-medium_large wp-image-1157\" alt=\"\" srcset=\"https:\/\/leader-wohlviertel.at\/_wp\/wp-content\/uploads\/2024\/01\/Workshop_in_Coronazeiten-768x373.jpg 768w, https:\/\/leader-wohlviertel.at\/_wp\/wp-content\/uploads\/2024\/01\/Workshop_in_Coronazeiten-300x146.jpg 300w, https:\/\/leader-wohlviertel.at\/_wp\/wp-content\/uploads\/2024\/01\/Workshop_in_Coronazeiten-1024x498.jpg 1024w, https:\/\/leader-wohlviertel.at\/_wp\/wp-content\/uploads\/2024\/01\/Workshop_in_Coronazeiten-1536x746.jpg 1536w, https:\/\/leader-wohlviertel.at\/_wp\/wp-content\/uploads\/2024\/01\/Workshop_in_Coronazeiten-2048x995.jpg 2048w, https:\/\/leader-wohlviertel.at\/_wp\/wp-content\/uploads\/2024\/01\/Workshop_in_Coronazeiten-200x97.jpg 200w\" sizes=\"(max-width: 768px) 100vw, 768px\" \/>\t\t\t\t\t\t\t\t\t\t\t\t\t<\/div>\n\t\t\t\t<\/div>\n\t\t\t\t<div class=\"elementor-element elementor-element-1691da4 elementor-widget elementor-widget-text-editor\" data-id=\"1691da4\" data-element_type=\"widget\" data-widget_type=\"text-editor.default\">\n\t\t\t\t<div class=\"elementor-widget-container\">\n\t\t\t\t\t\t\t<p style=\"text-align: center;\">Workshop in \u201eCoronazeiten\u201c mit gen\u00fcgend Abstand<\/p>\t\t\t\t\t\t<\/div>\n\t\t\t\t<\/div>\n\t\t\t\t<div class=\"elementor-element elementor-element-0908416 elementor-widget elementor-widget-image\" data-id=\"0908416\" data-element_type=\"widget\" data-widget_type=\"image.default\">\n\t\t\t\t<div class=\"elementor-widget-container\">\n\t\t\t\t\t\t\t\t\t\t\t\t\t<img loading=\"lazy\" decoding=\"async\" width=\"768\" height=\"512\" src=\"https:\/\/leader-wohlviertel.at\/_wp\/wp-content\/uploads\/2024\/05\/WWohlviertelKoopNationalparkGruppe-768x512.jpg\" class=\"attachment-medium_large size-medium_large wp-image-1667\" alt=\"\" srcset=\"https:\/\/leader-wohlviertel.at\/_wp\/wp-content\/uploads\/2024\/05\/WWohlviertelKoopNationalparkGruppe-768x512.jpg 768w, https:\/\/leader-wohlviertel.at\/_wp\/wp-content\/uploads\/2024\/05\/WWohlviertelKoopNationalparkGruppe-300x200.jpg 300w, https:\/\/leader-wohlviertel.at\/_wp\/wp-content\/uploads\/2024\/05\/WWohlviertelKoopNationalparkGruppe-1024x682.jpg 1024w, https:\/\/leader-wohlviertel.at\/_wp\/wp-content\/uploads\/2024\/05\/WWohlviertelKoopNationalparkGruppe-1536x1024.jpg 1536w, https:\/\/leader-wohlviertel.at\/_wp\/wp-content\/uploads\/2024\/05\/WWohlviertelKoopNationalparkGruppe-200x133.jpg 200w, https:\/\/leader-wohlviertel.at\/_wp\/wp-content\/uploads\/2024\/05\/WWohlviertelKoopNationalparkGruppe.jpg 2000w\" sizes=\"(max-width: 768px) 100vw, 768px\" \/>\t\t\t\t\t\t\t\t\t\t\t\t\t<\/div>\n\t\t\t\t<\/div>\n\t\t\t\t<div class=\"elementor-element elementor-element-ca412e4 elementor-widget elementor-widget-text-editor\" data-id=\"ca412e4\" data-element_type=\"widget\" data-widget_type=\"text-editor.default\">\n\t\t\t\t<div class=\"elementor-widget-container\">\n\t\t\t\t\t\t\t<p style=\"text-align: center;\">Offizielle Unterzeichnung der Zusammenarbeitsvereinbarung Waldviertler Wohlviertel \u2013 Nationalpark Thayatal: Landesrat Dr. Stephan Pernkopf\u00a0 3.v.l. (zwischenzeitlich LHstv.) mit allen B\u00fcrgermeister der LEADER \u2013 Region, G\u00e4sten und dem damaligen Nationalparkdirektor und nunmehrigen Landesrat DI Ludwig Schleritzko (2.v.l.)<\/p>\t\t\t\t\t\t<\/div>\n\t\t\t\t<\/div>\n\t\t\t\t<div class=\"elementor-element elementor-element-167acc7 elementor-widget elementor-widget-image\" data-id=\"167acc7\" data-element_type=\"widget\" data-widget_type=\"image.default\">\n\t\t\t\t<div class=\"elementor-widget-container\">\n\t\t\t\t\t\t\t\t\t\t\t\t\t<img loading=\"lazy\" decoding=\"async\" width=\"768\" height=\"373\" src=\"https:\/\/leader-wohlviertel.at\/_wp\/wp-content\/uploads\/2024\/01\/Nachbesprechung-768x373.jpg\" class=\"attachment-medium_large size-medium_large wp-image-1155\" alt=\"\" srcset=\"https:\/\/leader-wohlviertel.at\/_wp\/wp-content\/uploads\/2024\/01\/Nachbesprechung-768x373.jpg 768w, https:\/\/leader-wohlviertel.at\/_wp\/wp-content\/uploads\/2024\/01\/Nachbesprechung-300x146.jpg 300w, https:\/\/leader-wohlviertel.at\/_wp\/wp-content\/uploads\/2024\/01\/Nachbesprechung-1024x498.jpg 1024w, https:\/\/leader-wohlviertel.at\/_wp\/wp-content\/uploads\/2024\/01\/Nachbesprechung-1536x746.jpg 1536w, https:\/\/leader-wohlviertel.at\/_wp\/wp-content\/uploads\/2024\/01\/Nachbesprechung-200x97.jpg 200w, https:\/\/leader-wohlviertel.at\/_wp\/wp-content\/uploads\/2024\/01\/Nachbesprechung.jpg 2000w\" sizes=\"(max-width: 768px) 100vw, 768px\" \/>\t\t\t\t\t\t\t\t\t\t\t\t\t<\/div>\n\t\t\t\t<\/div>\n\t\t\t\t<div class=\"elementor-element elementor-element-3824548 elementor-widget elementor-widget-text-editor\" data-id=\"3824548\" data-element_type=\"widget\" data-widget_type=\"text-editor.default\">\n\t\t\t\t<div class=\"elementor-widget-container\">\n\t\t\t\t\t\t\t<p style=\"text-align: center;\">\u201eWichtige\u201c Nachbesprechung einer Pr\u00e4sidiumssitzung im Sch\u00fcttkasten Geras<\/p>\t\t\t\t\t\t<\/div>\n\t\t\t\t<\/div>\n\t\t\t\t<\/div>\n\t\t\t\t\t<\/div>\n\t\t\t\t<\/div>\n\t\t\t\t<\/div>\n\t\t","protected":false},"excerpt":{"rendered":"<p>\u00dcber uns: Bereits in den 1990er wurde von engagierten B\u00fcrgermeistern Kontakte zu den Nachbargemeinden entwickelt und gemeinsame Projekte durchgef\u00fchrt. Nach der Gr\u00fcndung des (bis 2008) bestehend GIZ (Grenz\u00fcberschreitenden Impulszentrum) erfolgte 2002 die Gr\u00fcndung der gemeinsamen Region und die erfolgreiche Bewerbung f\u00fcr das Programm LEADER + (2002 bis 2006). Initiative Gr\u00fcndungsmitglieder waren die Gemeinden: St. Bernhard [&hellip;]<\/p>\n","protected":false},"author":1,"featured_media":0,"parent":0,"menu_order":0,"comment_status":"closed","ping_status":"closed","template":"","meta":{"footnotes":""},"class_list":["post-1147","page","type-page","status-publish","hentry","wpbf-post"],"_links":{"self":[{"href":"https:\/\/leader-wohlviertel.at\/_wp\/wp-json\/wp\/v2\/pages\/1147","targetHints":{"allow":["GET"]}}],"collection":[{"href":"https:\/\/leader-wohlviertel.at\/_wp\/wp-json\/wp\/v2\/pages"}],"about":[{"href":"https:\/\/leader-wohlviertel.at\/_wp\/wp-json\/wp\/v2\/types\/page"}],"author":[{"embeddable":true,"href":"https:\/\/leader-wohlviertel.at\/_wp\/wp-json\/wp\/v2\/users\/1"}],"replies":[{"embeddable":true,"href":"https:\/\/leader-wohlviertel.at\/_wp\/wp-json\/wp\/v2\/comments?post=1147"}],"version-history":[{"count":13,"href":"https:\/\/leader-wohlviertel.at\/_wp\/wp-json\/wp\/v2\/pages\/1147\/revisions"}],"predecessor-version":[{"id":1673,"href":"https:\/\/leader-wohlviertel.at\/_wp\/wp-json\/wp\/v2\/pages\/1147\/revisions\/1673"}],"wp:attachment":[{"href":"https:\/\/leader-wohlviertel.at\/_wp\/wp-json\/wp\/v2\/media?parent=1147"}],"curies":[{"name":"wp","href":"https:\/\/api.w.org\/{rel}","templated":true}]}}