{"id":948,"date":"2024-01-16T05:50:17","date_gmt":"2024-01-16T05:50:17","guid":{"rendered":"https:\/\/leader-wohlviertel.at\/_wp\/?page_id=948"},"modified":"2026-02-16T19:22:08","modified_gmt":"2026-02-16T18:22:08","slug":"was-ist-leader","status":"publish","type":"page","link":"https:\/\/leader-wohlviertel.at\/_wp\/was-ist-leader\/","title":{"rendered":"Was ist Leader"},"content":{"rendered":"\t\t<div data-elementor-type=\"wp-page\" data-elementor-id=\"948\" class=\"elementor elementor-948\" data-elementor-post-type=\"page\">\n\t\t\t\t<div class=\"elementor-element elementor-element-762474d e-flex e-con-boxed e-con e-parent\" data-id=\"762474d\" data-element_type=\"container\">\n\t\t\t\t\t<div class=\"e-con-inner\">\n\t\t<div class=\"elementor-element elementor-element-083b3b3 e-flex e-con-boxed e-con e-child\" data-id=\"083b3b3\" data-element_type=\"container\">\n\t\t\t\t\t<div class=\"e-con-inner\">\n\t\t\t\t<div class=\"elementor-element elementor-element-24b8646 elementor-widget elementor-widget-heading\" data-id=\"24b8646\" data-element_type=\"widget\" data-widget_type=\"heading.default\">\n\t\t\t\t<div class=\"elementor-widget-container\">\n\t\t\t<style>\/*! elementor - v3.21.0 - 30-04-2024 *\/\n.elementor-heading-title{padding:0;margin:0;line-height:1}.elementor-widget-heading .elementor-heading-title[class*=elementor-size-]>a{color:inherit;font-size:inherit;line-height:inherit}.elementor-widget-heading .elementor-heading-title.elementor-size-small{font-size:15px}.elementor-widget-heading .elementor-heading-title.elementor-size-medium{font-size:19px}.elementor-widget-heading .elementor-heading-title.elementor-size-large{font-size:29px}.elementor-widget-heading .elementor-heading-title.elementor-size-xl{font-size:39px}.elementor-widget-heading .elementor-heading-title.elementor-size-xxl{font-size:59px}<\/style><h1 class=\"elementor-heading-title elementor-size-default\">Was ist LEADER?<\/h1>\t\t<\/div>\n\t\t\t\t<\/div>\n\t\t\t\t\t<\/div>\n\t\t\t\t<\/div>\n\t\t\t\t<div class=\"elementor-element elementor-element-bef6dd2 elementor-widget elementor-widget-text-editor\" data-id=\"bef6dd2\" data-element_type=\"widget\" data-widget_type=\"text-editor.default\">\n\t\t\t\t<div class=\"elementor-widget-container\">\n\t\t\t<style>\/*! elementor - v3.21.0 - 30-04-2024 *\/\n.elementor-widget-text-editor.elementor-drop-cap-view-stacked .elementor-drop-cap{background-color:#69727d;color:#fff}.elementor-widget-text-editor.elementor-drop-cap-view-framed .elementor-drop-cap{color:#69727d;border:3px solid;background-color:transparent}.elementor-widget-text-editor:not(.elementor-drop-cap-view-default) .elementor-drop-cap{margin-top:8px}.elementor-widget-text-editor:not(.elementor-drop-cap-view-default) .elementor-drop-cap-letter{width:1em;height:1em}.elementor-widget-text-editor .elementor-drop-cap{float:left;text-align:center;line-height:1;font-size:50px}.elementor-widget-text-editor .elementor-drop-cap-letter{display:inline-block}<\/style>\t\t\t\t<p>LEADER ist&nbsp;ein methodischer Regionalentwicklungsansatz auf der Basis einer partnerschaftlichen Regionalstruktur mit finanzieller Unterst\u00fctzung von Bund, L\u00e4ndern und EU zur F\u00f6rderung regionaler Projekte.<\/p>\n<p>Der Kunstbegriff&nbsp;<strong>LEADER<\/strong> ist die Abk\u00fcrzung der franz\u00f6sischen W\u00f6rter &#8222;<strong>L<\/strong>iaison <strong>E<\/strong>ntre <strong>A<\/strong>ctions de <strong>D<\/strong>\u00e9velopment de l&#8216;<strong>E<\/strong>conomie <strong>R<\/strong>urale&#8220;. Sinngem\u00e4\u00df \u00fcbersetzt bedeutet es &#8222;Zusammenarbeit zur F\u00f6rderung der Entwicklung des l\u00e4ndlichen Raums&#8220;.<\/p>\n<h4 data-start=\"1243\" data-end=\"1258\">Kerngedanke<\/h4>\n<p data-start=\"1259\" data-end=\"1499\">Statt zentral vorgegebener Programme sollen <strong data-start=\"1303\" data-end=\"1343\">regionale L\u00f6sungen vor Ort entstehen.<\/strong>&nbsp;Dazu wird mit dem &#8222;bottom-up-Ansatz&#8220; mit der lokalen Bev\u00f6lkerung eine lokale Entwicklungsstrategie erstellt. Diese Strategie bildet den inhaltlichen Rahmen f\u00fcr LEADER-Projekte die in der Region umgesetzt werden.&nbsp;<\/p>\n<h4 data-start=\"1243\" data-end=\"1258\">Organisation<\/h4>\n<p data-start=\"1259\" data-end=\"1499\">Der Zusammenschluss der regionalen Akteur:innen wird als <strong>&#8222;lokale Aktionsgruppe&#8220; (LAG)<\/strong> bezeichnet. In dieser lokalen Aktionsgruppe sind&nbsp;Gemeinden \/ \u00f6ffentliche Verwaltung, Unternehmen, Vereine, Zivilgesellschaft sowie engagierte B\u00fcrger:innen vertreten. Sie beschlie\u00dfen in der <strong>Generalversammlung<\/strong> die Inhalte der lokalen Entwicklungsstrategie und entscheiden im <strong>Projektauswahlgremium<\/strong>, welche der eingereichten Projekte in der Region umgesetzt werden sollen.<\/p>\n<p>Das <strong data-start=\"36\" data-end=\"54\">LAG-Management<\/strong> ist die operative Koordinations- und Servicestelle einer Lokalen Aktionsgruppe im LEADER-Programm der <span class=\"hover:entity-accent entity-underline inline cursor-pointer align-baseline\"><span class=\"whitespace-normal\">Europ\u00e4ischen Union<\/span><\/span>. Es sorgt daf\u00fcr, dass die regionale Entwicklungsstrategie umgesetzt und LEADER-Projekte professionell begleitet werden. Neben F\u00f6rderberatungsstelle und Wegbereiter f\u00fcr regionale Projekte, fungiert das LAG Management auch als Vernetzungsstelle und bringt als aktiver Gestalter innovative Ideen in die Region.<\/p>\n<p>Weiterf\u00fchrende Informationen erhalten Sie auf der Website des <a href=\"https:\/\/www.leaderforum.at\/was-ist-leader\">LEADER Forums \u00d6sterreich.&nbsp;<\/a><\/p>\t\t\t\t\t\t<\/div>\n\t\t\t\t<\/div>\n\t\t\t\t\t<\/div>\n\t\t\t\t<\/div>\n\t\t\t\t<\/div>\n\t\t","protected":false},"excerpt":{"rendered":"<p>Was ist LEADER? LEADER ist&nbsp;ein methodischer Regionalentwicklungsansatz auf der Basis einer partnerschaftlichen Regionalstruktur mit finanzieller Unterst\u00fctzung von Bund, L\u00e4ndern und EU zur F\u00f6rderung regionaler Projekte. Der Kunstbegriff&nbsp;LEADER ist die Abk\u00fcrzung der franz\u00f6sischen W\u00f6rter &#8222;Liaison Entre Actions de D\u00e9velopment de l&#8216;Economie Rurale&#8220;. Sinngem\u00e4\u00df \u00fcbersetzt bedeutet es &#8222;Zusammenarbeit zur F\u00f6rderung der Entwicklung des l\u00e4ndlichen Raums&#8220;. Kerngedanke Statt [&hellip;]<\/p>\n","protected":false},"author":1,"featured_media":0,"parent":0,"menu_order":0,"comment_status":"closed","ping_status":"closed","template":"","meta":{"footnotes":""},"class_list":["post-948","page","type-page","status-publish","hentry","wpbf-post"],"_links":{"self":[{"href":"https:\/\/leader-wohlviertel.at\/_wp\/wp-json\/wp\/v2\/pages\/948","targetHints":{"allow":["GET"]}}],"collection":[{"href":"https:\/\/leader-wohlviertel.at\/_wp\/wp-json\/wp\/v2\/pages"}],"about":[{"href":"https:\/\/leader-wohlviertel.at\/_wp\/wp-json\/wp\/v2\/types\/page"}],"author":[{"embeddable":true,"href":"https:\/\/leader-wohlviertel.at\/_wp\/wp-json\/wp\/v2\/users\/1"}],"replies":[{"embeddable":true,"href":"https:\/\/leader-wohlviertel.at\/_wp\/wp-json\/wp\/v2\/comments?post=948"}],"version-history":[{"count":28,"href":"https:\/\/leader-wohlviertel.at\/_wp\/wp-json\/wp\/v2\/pages\/948\/revisions"}],"predecessor-version":[{"id":2183,"href":"https:\/\/leader-wohlviertel.at\/_wp\/wp-json\/wp\/v2\/pages\/948\/revisions\/2183"}],"wp:attachment":[{"href":"https:\/\/leader-wohlviertel.at\/_wp\/wp-json\/wp\/v2\/media?parent=948"}],"curies":[{"name":"wp","href":"https:\/\/api.w.org\/{rel}","templated":true}]}}